{"id":6228,"date":"2025-10-06T19:15:47","date_gmt":"2025-10-06T19:15:47","guid":{"rendered":"https:\/\/barbinmakina.com\/?page_id=6228"},"modified":"2025-10-06T19:25:14","modified_gmt":"2025-10-06T19:25:14","slug":"filtration-systems","status":"publish","type":"page","link":"https:\/\/barbinmakina.com\/tr\/filtration-systems\/","title":{"rendered":"Filtrasyon Sistemleri"},"content":{"rendered":"\n<p><em><strong>Barbin Makina<\/strong>, end\u00fcstriyel ve ticari uygulamalar i\u00e7in kapsaml\u0131\u00a0<strong>su filtrasyon sistemleri<\/strong>\u00a0\u00e7\u00f6z\u00fcmleri sunar. \u00dcr\u00fcnlerimiz, proses suyu kalitesini art\u0131rmak, sistem verimlili\u011fini y\u00fckseltmek ve i\u015fletme maliyetlerini azaltmak amac\u0131yla tasarlanm\u0131\u015ft\u0131r.<br>Sundu\u011fumuz sistemler aras\u0131nda<\/em><\/p>\n\n\n\n<ul class=\"wp-block-list\">\n<li><em><strong>kum filtrasyonu<\/strong>,\u00a0<strong>Filter AG Plus<\/strong>\u00a0ve\u00a0<strong>cam filtrasyon sistemleri<\/strong>\u00a0gibi mekanik filtrasyon \u00e7\u00f6z\u00fcmleri yer al\u0131r.<\/em><\/li>\n\n\n\n<li><em><strong>Aktif karbon filtrasyon sistemleri<\/strong>, klor, organik kirleticiler ve istenmeyen tat\u2013koku giderimi sa\u011flar.<\/em><\/li>\n\n\n\n<li><em><strong>Mandiox \/ AS-FE-MN filtrasyon sistemleri<\/strong>\u00a0ise demir, mangan ve arsenik gideriminde y\u00fcksek performans sunar.<\/em><\/li>\n\n\n\n<li><em>Y\u00fcksek kapasiteli uygulamalar i\u00e7in geli\u015ftirilen\u00a0<strong>HPF serisi filtrasyon sistemleri<\/strong>, uzun \u00f6m\u00fcrl\u00fc medya yap\u0131s\u0131 ve d\u00fc\u015f\u00fck bak\u0131m gereksinimi ile \u00f6ne \u00e7\u0131kar.<\/em><\/li>\n\n\n\n<li><em>Ayr\u0131ca,\u00a0<strong>separat\u00f6rler<\/strong>,\u00a0<strong>torba filtreler (bag filters)<\/strong>\u00a0ve\u00a0<strong>\u00e7oklu kartu\u015f filtrasyon sistemleri (multi cartridge filters)<\/strong>\u00a0ile farkl\u0131 end\u00fcstriyel proseslere \u00f6zel, esnek ve g\u00fcvenilir \u00e7\u00f6z\u00fcmler sunuyoruz.<br>T\u00fcm sistemlerimiz\u00a0<strong>enerji verimlili\u011fi<\/strong>\u00a0ve\u00a0<strong>su tasarrufu<\/strong>\u00a0g\u00f6zetilerek tasarlanm\u0131\u015f olup,\u00a0<strong>end\u00fcstriyel su ar\u0131tma projelerinde<\/strong>\u00a0maksimum performans ve s\u00fcrd\u00fcr\u00fclebilirlik sa\u011flar.<\/em><\/li>\n<\/ul>\n","protected":false},"excerpt":{"rendered":"<p>Barbin Makina, end\u00fcstriyel ve ticari uygulamalar i\u00e7in kapsaml\u0131\u00a0su filtrasyon sistemleri\u00a0\u00e7\u00f6z\u00fcmleri sunar. \u00dcr\u00fcnlerimiz, proses suyu kalitesini art\u0131rmak, sistem verimlili\u011fini y\u00fckseltmek ve i\u015fletme maliyetlerini azaltmak amac\u0131yla tasarlanm\u0131\u015ft\u0131r.Sundu\u011fumuz sistemler aras\u0131nda<\/p>\n","protected":false},"author":1,"featured_media":0,"parent":0,"menu_order":0,"comment_status":"closed","ping_status":"closed","template":"","meta":{"footnotes":""},"class_list":["post-6228","page","type-page","status-publish","hentry"],"translation":{"provider":"WPGlobus","version":"3.0.0","language":"tr","enabled_languages":["en","tr"],"languages":{"en":{"title":true,"content":true,"excerpt":false},"tr":{"title":true,"content":true,"excerpt":false}}},"_links":{"self":[{"href":"https:\/\/barbinmakina.com\/tr\/wp-json\/wp\/v2\/pages\/6228","targetHints":{"allow":["GET"]}}],"collection":[{"href":"https:\/\/barbinmakina.com\/tr\/wp-json\/wp\/v2\/pages"}],"about":[{"href":"https:\/\/barbinmakina.com\/tr\/wp-json\/wp\/v2\/types\/page"}],"author":[{"embeddable":true,"href":"https:\/\/barbinmakina.com\/tr\/wp-json\/wp\/v2\/users\/1"}],"replies":[{"embeddable":true,"href":"https:\/\/barbinmakina.com\/tr\/wp-json\/wp\/v2\/comments?post=6228"}],"version-history":[{"count":3,"href":"https:\/\/barbinmakina.com\/tr\/wp-json\/wp\/v2\/pages\/6228\/revisions"}],"predecessor-version":[{"id":6234,"href":"https:\/\/barbinmakina.com\/tr\/wp-json\/wp\/v2\/pages\/6228\/revisions\/6234"}],"wp:attachment":[{"href":"https:\/\/barbinmakina.com\/tr\/wp-json\/wp\/v2\/media?parent=6228"}],"curies":[{"name":"wp","href":"https:\/\/api.w.org\/{rel}","templated":true}]}}