{"id":6007,"date":"2025-02-23T21:06:49","date_gmt":"2025-02-23T21:06:49","guid":{"rendered":"https:\/\/barbinmakina.com\/?page_id=6007"},"modified":"2025-02-25T22:53:29","modified_gmt":"2025-02-25T22:53:29","slug":"about-us","status":"publish","type":"page","link":"https:\/\/barbinmakina.com\/tr\/about-us\/","title":{"rendered":"Hakk\u0131m\u0131zda"},"content":{"rendered":"\n<p class=\"has-text-align-left\" id=\"tw-target-text\"><strong>Daha Temiz, Daha G\u00fcvenli ve Daha Verimli Bir Gelecek i\u00e7in M\u00fchendislik \u00c7\u00f6z\u00fcmleri Sunuyoruz<\/strong><br><br>2019 y\u0131l\u0131nda kurulan Barbin Makina, \u00e7e\u015fitli sekt\u00f6rlerdeki end\u00fcstriyel tesislere \u00fcst d\u00fczey m\u00fchendislik, ticaret ve \u00fcretim hizmetleri sunmaktad\u0131r. Kalite ve yenili\u011fe olan ba\u011fl\u0131l\u0131\u011f\u0131m\u0131zla su ar\u0131tma, yang\u0131n s\u00f6nd\u00fcrme sistemleri ve makinelerde g\u00fcvenilir, verimli ve s\u00fcrd\u00fcr\u00fclebilir \u00e7\u00f6z\u00fcmler sunuyoruz.<br><br><strong>Misyonumuz ve De\u011ferlerimiz:<\/strong><br><br>Barbin Makina olarak misyonumuz, m\u00fc\u015fterilerimizin g\u00fcvenli\u011fini, verimlili\u011fini ve \u00e7evresel sorumlulu\u011funu art\u0131ran s\u00fcrd\u00fcr\u00fclebilir, y\u00fcksek performansl\u0131 \u00e7\u00f6z\u00fcmler sunmakt\u0131r. Yapt\u0131\u011f\u0131m\u0131z her \u015feyde kaliteye, g\u00fcvenilirli\u011fe ve m\u00fc\u015fteri odakl\u0131l\u0131\u011fa de\u011fer veriyoruz.\u201d<br><br><strong>Temel Hizmetlere Genel Bak\u0131\u015f:<br><\/strong><br>&#8211; Temiz Su \u00c7\u00f6z\u00fcmleri \u2013 Suyu verimli bir \u015fekilde y\u00f6netmek ve ar\u0131tmak i\u00e7in ileri teknolojiler.<br><br>&#8211; Yang\u0131nla M\u00fccadele \u00c7\u00f6z\u00fcmleri \u2013 \u0130\u015fletmenizi yang\u0131n tehlikelerinden koruyacak geli\u015fmi\u015f sistemler.<br><br>&#8211; F\u0131r\u00e7a ve Blister Ambalaj Makineleri \u2013 Hassasiyet ve \u00fcretkenlik i\u00e7in y\u00fcksek kaliteli Avrupa makineleri.<br><br><strong><em>Barbin Makina olarak i\u015fletmelerin b\u00fcy\u00fcmesine yard\u0131mc\u0131 olmak i\u00e7in temiz su \u00e7\u00f6z\u00fcmleri, yang\u0131n g\u00fcvenli\u011fi ve end\u00fcstriyel makineler konusunda uzman\u0131z.<\/em><\/strong><br><br><strong>Ekibimiz:<\/strong><br><br>Ekibimiz m\u00fckemmelli\u011fe kendini adam\u0131\u015f y\u00fcksek vas\u0131fl\u0131 m\u00fchendis ve teknisyenlerden olu\u015fmaktad\u0131r. Y\u0131llar\u0131n birle\u015fimi olan sekt\u00f6r deneyimimizle m\u00fc\u015fterilerimize en iyi \u00e7\u00f6z\u00fcmleri ve deste\u011fi sunmaya \u00e7al\u0131\u015f\u0131yoruz.\u201d<\/p>\n","protected":false},"excerpt":{"rendered":"<p>Daha Temiz, Daha G\u00fcvenli ve Daha Verimli Bir Gelecek i\u00e7in M\u00fchendislik \u00c7\u00f6z\u00fcmleri Sunuyoruz 2019 y\u0131l\u0131nda kurulan Barbin Makina, \u00e7e\u015fitli sekt\u00f6rlerdeki end\u00fcstriyel tesislere \u00fcst d\u00fczey m\u00fchendislik, ticaret ve \u00fcretim hizmetleri sunmaktad\u0131r. Kalite ve yenili\u011fe olan ba\u011fl\u0131l\u0131\u011f\u0131m\u0131zla su ar\u0131tma, yang\u0131n s\u00f6nd\u00fcrme sistemleri &hellip; <a href=\"https:\/\/barbinmakina.com\/tr\/about-us\/\">Okumaya devam et <span class=\"meta-nav\">&rarr;<\/span><\/a><\/p>\n","protected":false},"author":1,"featured_media":0,"parent":0,"menu_order":0,"comment_status":"closed","ping_status":"closed","template":"","meta":{"footnotes":""},"class_list":["post-6007","page","type-page","status-publish","hentry"],"translation":{"provider":"WPGlobus","version":"3.0.0","language":"tr","enabled_languages":["en","tr"],"languages":{"en":{"title":true,"content":true,"excerpt":false},"tr":{"title":true,"content":true,"excerpt":false}}},"_links":{"self":[{"href":"https:\/\/barbinmakina.com\/tr\/wp-json\/wp\/v2\/pages\/6007","targetHints":{"allow":["GET"]}}],"collection":[{"href":"https:\/\/barbinmakina.com\/tr\/wp-json\/wp\/v2\/pages"}],"about":[{"href":"https:\/\/barbinmakina.com\/tr\/wp-json\/wp\/v2\/types\/page"}],"author":[{"embeddable":true,"href":"https:\/\/barbinmakina.com\/tr\/wp-json\/wp\/v2\/users\/1"}],"replies":[{"embeddable":true,"href":"https:\/\/barbinmakina.com\/tr\/wp-json\/wp\/v2\/comments?post=6007"}],"version-history":[{"count":6,"href":"https:\/\/barbinmakina.com\/tr\/wp-json\/wp\/v2\/pages\/6007\/revisions"}],"predecessor-version":[{"id":6114,"href":"https:\/\/barbinmakina.com\/tr\/wp-json\/wp\/v2\/pages\/6007\/revisions\/6114"}],"wp:attachment":[{"href":"https:\/\/barbinmakina.com\/tr\/wp-json\/wp\/v2\/media?parent=6007"}],"curies":[{"name":"wp","href":"https:\/\/api.w.org\/{rel}","templated":true}]}}