{"id":5321,"date":"2017-06-13T09:33:43","date_gmt":"2017-06-13T09:33:43","guid":{"rendered":"https:\/\/demo.themegrill.com\/suffice\/?page_id=71"},"modified":"2026-02-04T06:28:17","modified_gmt":"2026-02-04T06:28:17","slug":"contact-us","status":"publish","type":"page","link":"https:\/\/barbinmakina.com\/tr\/contact-us\/","title":{"rendered":"\u0130leti\u015fim"},"content":{"rendered":"<\/p>\n\n\n<p><strong>Adresimiz:<\/strong><\/p>\n\n\n\n<p>Beylikd\u00fcz\u00fc O.S.B Mahallesi Birlik Sanayi Sitesi 5. Cadde No:17<\/p>\n\n\n\n<p>TR-34524 Beylikd\u00fcz\u00fc &#8211; \u0130stanbul \/ T\u00fcrkiye<\/p>\n\n\n\n<p><strong>Telefon:<\/strong><\/p>\n\n\n\n<p>+90 530 579 8921<\/p>\n\n\n\n<p><strong>E-mail:<\/strong><\/p>\n\n\n\n<p><a href=\"mailto:info@barbinmakina.com\">info@barbinmakina.com<\/a><\/p>\n\n\n<p>","protected":false},"excerpt":{"rendered":"<p>Adresimiz: Beylikd\u00fcz\u00fc O.S.B Mahallesi Birlik Sanayi Sitesi 5. Cadde No:17 TR-34524 Beylikd\u00fcz\u00fc &#8211; \u0130stanbul \/ T\u00fcrkiye Telefon: +90 530 579 8921 E-mail: info@barbinmakina.com<\/p>\n","protected":false},"author":1,"featured_media":0,"parent":0,"menu_order":0,"comment_status":"closed","ping_status":"closed","template":"","meta":{"footnotes":""},"class_list":["post-5321","page","type-page","status-publish","hentry"],"translation":{"provider":"WPGlobus","version":"3.0.0","language":"tr","enabled_languages":["en","tr"],"languages":{"en":{"title":true,"content":true,"excerpt":false},"tr":{"title":true,"content":true,"excerpt":false}}},"_links":{"self":[{"href":"https:\/\/barbinmakina.com\/tr\/wp-json\/wp\/v2\/pages\/5321","targetHints":{"allow":["GET"]}}],"collection":[{"href":"https:\/\/barbinmakina.com\/tr\/wp-json\/wp\/v2\/pages"}],"about":[{"href":"https:\/\/barbinmakina.com\/tr\/wp-json\/wp\/v2\/types\/page"}],"author":[{"embeddable":true,"href":"https:\/\/barbinmakina.com\/tr\/wp-json\/wp\/v2\/users\/1"}],"replies":[{"embeddable":true,"href":"https:\/\/barbinmakina.com\/tr\/wp-json\/wp\/v2\/comments?post=5321"}],"version-history":[{"count":32,"href":"https:\/\/barbinmakina.com\/tr\/wp-json\/wp\/v2\/pages\/5321\/revisions"}],"predecessor-version":[{"id":6328,"href":"https:\/\/barbinmakina.com\/tr\/wp-json\/wp\/v2\/pages\/5321\/revisions\/6328"}],"wp:attachment":[{"href":"https:\/\/barbinmakina.com\/tr\/wp-json\/wp\/v2\/media?parent=5321"}],"curies":[{"name":"wp","href":"https:\/\/api.w.org\/{rel}","templated":true}]}}