{"id":475,"date":"2024-06-12T11:16:00","date_gmt":"2024-06-12T11:16:00","guid":{"rendered":"https:\/\/demo.themegrill.com\/suffice\/?page_id=2"},"modified":"2026-01-05T19:35:58","modified_gmt":"2026-01-05T19:35:58","slug":"brush-machinery","status":"publish","type":"page","link":"https:\/\/barbinmakina.com\/tr\/brush-machinery\/","title":{"rendered":"F\u0131r\u00e7a Makineleri"},"content":{"rendered":"\n<p><strong>F\u0131r\u00e7a Sanayi, F\u0131r\u00e7a Makinalar\u0131 ve \u0130leri Teknoloji \u00c7\u00f6z\u00fcmleri<\/strong><\/p>\n\n\n\n<p>Ge\u00e7mi\u015ften g\u00fcn\u00fcm\u00fcze, insanl\u0131\u011f\u0131n ki\u015fisel hijyen, a\u011f\u0131z bak\u0131m\u0131, \u00e7evre temizli\u011fi, \u00e7ocuk ve hayvan bak\u0131m\u0131 ile end\u00fcstriyel temizlik konular\u0131na \u00f6nem vermesiyle birlikte f\u0131r\u00e7alar g\u00fcnl\u00fck ya\u015fam\u0131n vazge\u00e7ilmez bir par\u00e7as\u0131 olmu\u015ftur. G\u00fcn\u00fcn ilk anlar\u0131ndan itibaren di\u015f f\u0131r\u00e7alar\u0131 ve kozmetik f\u0131r\u00e7alar\u0131 ile ba\u015flayan kullan\u0131m; ayakkab\u0131 parlatma, cadde s\u00fcp\u00fcrme, oto y\u0131kama, hayvan y\u0131kama, end\u00fcstriyel uygulamalar, ki\u015fisel ve medikal bak\u0131m, ev ve WC temizli\u011fi, g\u00fczellik ve klinik ortamlar ile devam etmektedir.<\/p>\n\n\n\n<p>Uzun y\u0131llar boyunca f\u0131r\u00e7alar el i\u015f\u00e7ili\u011fi veya basit makinalarla \u00fcretilmi\u015ftir. Sanayinin geli\u015fmesi ve toplumlar\u0131n b\u00fcy\u00fcmesiyle birlikte, artan kalite ve \u00fcretim ihtiya\u00e7lar\u0131n\u0131 kar\u015f\u0131lamak amac\u0131yla otomatik f\u0131r\u00e7a \u00fcretim makinalar\u0131 geli\u015ftirilmi\u015ftir. Teknolojik ilerlemelerle paralel olarak f\u0131r\u00e7a \u00fcretim teknolojileri d\u00fcnya genelinde s\u00fcrekli geli\u015fim g\u00f6stermi\u015ftir.<\/p>\n\n\n\n<p>G\u00fcn\u00fcm\u00fczde otomatik ve CNC kontroll\u00fc f\u0131r\u00e7a \u00fcretim makinalar\u0131, f\u0131r\u00e7a end\u00fcstrisinde yayg\u0131n olarak kullan\u0131lmaktad\u0131r. \u00dcreticiler, sentetik filamentler, do\u011fal k\u0131llar ve karma malzemeler kullanarak farkl\u0131 tipte f\u0131r\u00e7alar \u00fcretmek i\u00e7in y\u00fcksek hassasiyetli, ak\u0131ll\u0131 ve verimli makinalara yat\u0131r\u0131m yapmaktad\u0131r.<\/p>\n\n\n\n<p><strong>Barbin Makina<\/strong>, y\u00fcksek kaliteli Avrupa men\u015feli f\u0131r\u00e7a makinalar\u0131n\u0131, ileri teknolojileri ve yenilik\u00e7i \u00e7\u00f6z\u00fcmleri f\u0131r\u00e7a end\u00fcstrisine sunmaktan gurur duymaktad\u0131r. Almanya merkezli EBSER GmbH\u2019nin resmi temsilcisi olarak, yeni ve ikinci el f\u0131r\u00e7a \u00fcretim makinalar\u0131, ayr\u0131ca \u00fcretici firma ile koordineli \u015fekilde retrofit, revizyon ve modernizasyon hizmetleri sunmaktay\u0131z.<\/p>\n\n\n\n<p>Sundu\u011fumuz makina ve \u00e7\u00f6z\u00fcmler, f\u0131r\u00e7a \u00fcretim s\u00fcrecinin tamam\u0131n\u0131 kapsar:<\/p>\n\n\n\n<ul class=\"wp-block-list\">\n<li><strong>F\u0131r\u00e7a \u00fcretim delme ve \u00e7akma makinalar\u0131<\/strong><\/li>\n\n\n\n<li><strong>Sentetik filament ve do\u011fal k\u0131l dikim sistemleri<\/strong><\/li>\n\n\n\n<li><strong>CNC f\u0131r\u00e7a \u00fcretim makinalar\u0131<\/strong><\/li>\n\n\n\n<li><strong>F\u0131r\u00e7a kesme, t\u0131ra\u015flama ve finisaj makinalar\u0131<\/strong><\/li>\n\n\n\n<li><strong>\u00d6zel ve teknik f\u0131r\u00e7a tasar\u0131mlar\u0131 i\u00e7in \u00f6zel makinalar<\/strong><\/li>\n<\/ul>\n\n\n<p data-start=\"5141\" data-end=\"5373\">Barbin Makina; ev tipi f\u0131r\u00e7alar, a\u011f\u0131z bak\u0131m f\u0131r\u00e7alar\u0131, end\u00fcstriyel ve teknik f\u0131r\u00e7alar, ki\u015fisel bak\u0131m ve medikal f\u0131r\u00e7alar, sa\u011fl\u0131k sekt\u00f6r\u00fc f\u0131r\u00e7alar\u0131 ve \u00f6zel uygulama f\u0131r\u00e7alar\u0131 \u00fcreten imalat\u00e7\u0131lar i\u00e7in g\u00fcvenilir bir \u00e7\u00f6z\u00fcm orta\u011f\u0131d\u0131r.<\/p>\n<p data-start=\"5375\" data-end=\"5610\">Yeni bir \u00fcretim hatt\u0131 kurmak, kapasitenizi art\u0131rmak, mevcut makinalar\u0131n\u0131z\u0131 modernize etmek veya \u00fcr\u00fcn kalitenizi y\u00fckseltmek istiyorsan\u0131z, Barbin Makina f\u0131r\u00e7a makinalar\u0131 ve m\u00fchendislik \u00e7\u00f6z\u00fcmleri konusunda uzun vadeli i\u015f orta\u011f\u0131n\u0131zd\u0131r.<\/p>\n<p>Temsil etti\u011fimiz d\u00fcnya markalar\u0131nda f\u0131r\u00e7a makinesi \u00fcreten \u015firketler a\u015fa\u011f\u0131daki gibidir:<\/p>\n\n\n<figure class=\"wp-block-gallery has-nested-images columns-default is-cropped wp-block-gallery-1 is-layout-flex wp-block-gallery-is-layout-flex\">\n<figure class=\"wp-block-image size-large\"><img loading=\"lazy\" decoding=\"async\" width=\"600\" height=\"480\" data-id=\"5473\" src=\"https:\/\/barbinmakina.com\/wp-content\/uploads\/2017\/07\/Barbin-web-Ebser-logo.png\" alt=\"\" class=\"wp-image-5473\" srcset=\"https:\/\/barbinmakina.com\/wp-content\/uploads\/2017\/07\/Barbin-web-Ebser-logo.png 600w, https:\/\/barbinmakina.com\/wp-content\/uploads\/2017\/07\/Barbin-web-Ebser-logo-300x240.png 300w\" sizes=\"auto, (max-width: 600px) 100vw, 600px\" \/><\/figure>\n\n\n\n<figure class=\"wp-block-image size-large\"><img loading=\"lazy\" decoding=\"async\" width=\"600\" height=\"480\" data-id=\"5489\" src=\"https:\/\/barbinmakina.com\/wp-content\/uploads\/2017\/06\/Barbin-web-Bright-machine-logo.png\" alt=\"\" class=\"wp-image-5489\" srcset=\"https:\/\/barbinmakina.com\/wp-content\/uploads\/2017\/06\/Barbin-web-Bright-machine-logo.png 600w, https:\/\/barbinmakina.com\/wp-content\/uploads\/2017\/06\/Barbin-web-Bright-machine-logo-300x240.png 300w\" sizes=\"auto, (max-width: 600px) 100vw, 600px\" \/><\/figure>\n<\/figure>\n\n\n\n<p>F\u0131r\u00e7a imalat\u0131 ve makinalar\u0131ya alakal\u0131 sorular\u0131n\u0131z varsa, l\u00fctfen hemen bizimle\u00a0<a href=\"https:\/\/barbinmakina.com\/tr\/contact-us\/\" target=\"_blank\" rel=\"noreferrer noopener\"><strong>ileti\u015fime<\/strong><\/a>\u00a0ge\u00e7iniz.<\/p>\n\n\n\n<p><\/p>\n","protected":false},"excerpt":{"rendered":"<p>F\u0131r\u00e7a Sanayi, F\u0131r\u00e7a Makinalar\u0131 ve \u0130leri Teknoloji \u00c7\u00f6z\u00fcmleri Ge\u00e7mi\u015ften g\u00fcn\u00fcm\u00fcze, insanl\u0131\u011f\u0131n ki\u015fisel hijyen, a\u011f\u0131z bak\u0131m\u0131, \u00e7evre temizli\u011fi, \u00e7ocuk ve hayvan bak\u0131m\u0131 ile end\u00fcstriyel temizlik konular\u0131na \u00f6nem vermesiyle birlikte f\u0131r\u00e7alar g\u00fcnl\u00fck ya\u015fam\u0131n vazge\u00e7ilmez bir par\u00e7as\u0131 olmu\u015ftur. G\u00fcn\u00fcn ilk anlar\u0131ndan itibaren di\u015f &hellip; <a href=\"https:\/\/barbinmakina.com\/tr\/brush-machinery\/\">Okumaya devam et <span class=\"meta-nav\">&rarr;<\/span><\/a><\/p>\n","protected":false},"author":1,"featured_media":0,"parent":0,"menu_order":0,"comment_status":"closed","ping_status":"closed","template":"","meta":{"footnotes":""},"class_list":["post-475","page","type-page","status-publish","hentry"],"translation":{"provider":"WPGlobus","version":"3.0.0","language":"tr","enabled_languages":["en","tr"],"languages":{"en":{"title":true,"content":true,"excerpt":false},"tr":{"title":true,"content":true,"excerpt":false}}},"_links":{"self":[{"href":"https:\/\/barbinmakina.com\/tr\/wp-json\/wp\/v2\/pages\/475","targetHints":{"allow":["GET"]}}],"collection":[{"href":"https:\/\/barbinmakina.com\/tr\/wp-json\/wp\/v2\/pages"}],"about":[{"href":"https:\/\/barbinmakina.com\/tr\/wp-json\/wp\/v2\/types\/page"}],"author":[{"embeddable":true,"href":"https:\/\/barbinmakina.com\/tr\/wp-json\/wp\/v2\/users\/1"}],"replies":[{"embeddable":true,"href":"https:\/\/barbinmakina.com\/tr\/wp-json\/wp\/v2\/comments?post=475"}],"version-history":[{"count":32,"href":"https:\/\/barbinmakina.com\/tr\/wp-json\/wp\/v2\/pages\/475\/revisions"}],"predecessor-version":[{"id":6322,"href":"https:\/\/barbinmakina.com\/tr\/wp-json\/wp\/v2\/pages\/475\/revisions\/6322"}],"wp:attachment":[{"href":"https:\/\/barbinmakina.com\/tr\/wp-json\/wp\/v2\/media?parent=475"}],"curies":[{"name":"wp","href":"https:\/\/api.w.org\/{rel}","templated":true}]}}