{"id":107,"date":"2017-06-13T10:53:01","date_gmt":"2017-06-13T10:53:01","guid":{"rendered":"https:\/\/demo.themegrill.com\/suffice\/?page_id=107"},"modified":"2025-02-27T18:55:07","modified_gmt":"2025-02-27T18:55:07","slug":"right-sidebar","status":"publish","type":"page","link":"https:\/\/barbinmakina.com\/tr\/right-sidebar\/","title":{"rendered":"Blister Ambalaj"},"content":{"rendered":"\n<p id=\"tw-target-text\">Barbin Makina, Alman <strong>KOCH Pac Systeme GmbH<\/strong> firmas\u0131n\u0131n temsilcisidir. Y\u00fcksek kalite, uzun \u00f6m\u00fcr, h\u0131zl\u0131 ve optimum performans, KOCH makinelerinin \u00f6zel \u00f6zellikleridir.<br><br>KOCH paketleme teknolojisi, \u00fcr\u00fcnleriniz ve spesifikasyonlar\u0131n\u0131z kadar bireyseldir. Mod\u00fcler tasar\u0131m konseptini temel alarak, m\u00fc\u015fteriye y\u00fcksek verimli bir paketleme s\u00fcreci sa\u011flamak i\u00e7in gereken unsurlar\u0131 tam olarak entegre edin.<br><br>\u0130ster k\u00fc\u00e7\u00fck veya b\u00fcy\u00fck partiler, tek \u00fcr\u00fcnler veya setler, ister geleneksel kabarc\u0131kl\u0131 veya s\u00fcrd\u00fcr\u00fclebilir ambalaj formlar\u0131ndaki k\u00fc\u00e7\u00fck boyutlu veya hacimli \u00fcr\u00fcnler olsun, do\u011fru makineye sahibiz: yar\u0131 otomatik \u015fekillendirme, doldurma ve kapatma ve \u00fcr\u00fcn\u00fcn\u00fcz\u00fcn beslemeden hat sonu paketlemeye kadar entegre i\u015flenmesi i\u00e7in. G\u00f6sterilen ambalaj t\u00fcrleri KOCH&#8217;un geni\u015f kapsaml\u0131 yeterlili\u011finin yaln\u0131zca birka\u00e7 \u00f6rne\u011fidir.<br><br>Makinelerimiz a\u015fa\u011f\u0131da belirtilen alanlarda m\u00fc\u015fterilerimizin ihtiya\u00e7lar\u0131n\u0131 kar\u015f\u0131lamaktad\u0131r:<br><br>&#8211; T\u00fcketici \u00fcr\u00fcnleri<br>&#8211; T\u0131bbi teknoloji<br>&#8211; Kontakt lensler<br>daha fazla bilgi i\u00e7in bizimle <strong><a href=\"https:\/\/barbinmakina.com\/tr\/contact-us\/\">ileti\u015fime<\/a><\/strong> ge\u00e7in ve <a href=\"https:\/\/koch-pac-systeme.com\/en\/\"><strong>Koch Pac Systeme web sitesini<\/strong><\/a> ziyaret edin<\/p>\n","protected":false},"excerpt":{"rendered":"<p>Barbin Makina, Alman KOCH Pac Systeme GmbH firmas\u0131n\u0131n temsilcisidir. Y\u00fcksek kalite, uzun \u00f6m\u00fcr, h\u0131zl\u0131 ve optimum performans, KOCH makinelerinin \u00f6zel \u00f6zellikleridir. KOCH paketleme teknolojisi, \u00fcr\u00fcnleriniz ve spesifikasyonlar\u0131n\u0131z kadar bireyseldir. Mod\u00fcler tasar\u0131m konseptini temel alarak, m\u00fc\u015fteriye y\u00fcksek verimli bir paketleme s\u00fcreci &hellip; <a href=\"https:\/\/barbinmakina.com\/tr\/right-sidebar\/\">Okumaya devam et <span class=\"meta-nav\">&rarr;<\/span><\/a><\/p>\n","protected":false},"author":1,"featured_media":0,"parent":0,"menu_order":0,"comment_status":"closed","ping_status":"closed","template":"","meta":{"footnotes":""},"class_list":["post-107","page","type-page","status-publish","hentry"],"translation":{"provider":"WPGlobus","version":"3.0.0","language":"tr","enabled_languages":["en","tr"],"languages":{"en":{"title":true,"content":true,"excerpt":false},"tr":{"title":true,"content":true,"excerpt":false}}},"_links":{"self":[{"href":"https:\/\/barbinmakina.com\/tr\/wp-json\/wp\/v2\/pages\/107","targetHints":{"allow":["GET"]}}],"collection":[{"href":"https:\/\/barbinmakina.com\/tr\/wp-json\/wp\/v2\/pages"}],"about":[{"href":"https:\/\/barbinmakina.com\/tr\/wp-json\/wp\/v2\/types\/page"}],"author":[{"embeddable":true,"href":"https:\/\/barbinmakina.com\/tr\/wp-json\/wp\/v2\/users\/1"}],"replies":[{"embeddable":true,"href":"https:\/\/barbinmakina.com\/tr\/wp-json\/wp\/v2\/comments?post=107"}],"version-history":[{"count":9,"href":"https:\/\/barbinmakina.com\/tr\/wp-json\/wp\/v2\/pages\/107\/revisions"}],"predecessor-version":[{"id":6162,"href":"https:\/\/barbinmakina.com\/tr\/wp-json\/wp\/v2\/pages\/107\/revisions\/6162"}],"wp:attachment":[{"href":"https:\/\/barbinmakina.com\/tr\/wp-json\/wp\/v2\/media?parent=107"}],"curies":[{"name":"wp","href":"https:\/\/api.w.org\/{rel}","templated":true}]}}